{"id":3,"date":"2024-09-27T18:53:53","date_gmt":"2024-09-27T16:53:53","guid":{"rendered":"http:\/\/dentiste-cestas.com\/?page_id=3"},"modified":"2024-12-10T18:38:34","modified_gmt":"2024-12-10T17:38:34","slug":"mentions_legales","status":"publish","type":"page","link":"https:\/\/dentiste-cestas.com\/index.php\/mentions_legales\/","title":{"rendered":"Mentions l\u00e9gales"},"content":{"rendered":"\t\t<div data-elementor-type=\"wp-page\" data-elementor-id=\"3\" class=\"elementor elementor-3\">\n\t\t\t\t<div class=\"elementor-element elementor-element-47e8fc9a e-flex e-con-boxed e-con e-parent\" data-id=\"47e8fc9a\" data-element_type=\"container\">\n\t\t\t\t\t<div class=\"e-con-inner\">\n\t\t\t\t<div class=\"elementor-element elementor-element-23f8cda4 elementor-widget elementor-widget-text-editor\" data-id=\"23f8cda4\" data-element_type=\"widget\" data-widget_type=\"text-editor.default\">\n\t\t\t\t<div class=\"elementor-widget-container\">\n\t\t\t\t\t\t\t<!-- wp:heading -->\n<h2>Mentions l\u00e9gales<\/h2>\n<p>\u00c9DITEUR DU SITE INTERNET : SCM &#8211; CABINET DENTAIRE DE MADAME ESTELLE CARREYRE ET MONSIEUR AYMERIC MARTIN<\/p>\n<p>SI\u00c8GE SOCIAL : 1 RUE JULES FERRY 33610 CESTAS<br \/><br \/>SIREN321 548 711 <br \/>RCS BORDEAUX<br \/><br \/><\/p>\n<p>H\u00c9BERGEUR : OVH SAS<\/p>\n<p>Si\u00e8ge social : 2 rue rue Kellermann \u2013 59100 Roubaix<\/p>\n<p>Lieu d\u2019h\u00e9bergement des donn\u00e9es : Union Europ\u00e9enne (France)<\/p>\n<p>Email : support@ovh.com<\/p>\n<!-- \/wp:heading --><!-- wp:paragraph --><!-- \/wp:paragraph -->\t\t\t\t\t\t<\/div>\n\t\t\t\t<\/div>\n\t\t\t\t\t<\/div>\n\t\t\t\t<\/div>\n\t\t\t\t<\/div>\n\t\t","protected":false},"excerpt":{"rendered":"<p>Mentions l\u00e9gales \u00c9DITEUR DU SITE INTERNET : SCM &#8211; CABINET DENTAIRE DE MADAME ESTELLE CARREYRE ET MONSIEUR AYMERIC MARTIN SI\u00c8GE SOCIAL : 1 RUE JULES FERRY 33610 CESTAS SIREN321 548 711 RCS BORDEAUX H\u00c9BERGEUR : OVH SAS Si\u00e8ge social : 2 rue rue Kellermann \u2013 59100 Roubaix Lieu d\u2019h\u00e9bergement des donn\u00e9es : Union Europ\u00e9enne (France) [&hellip;]<\/p>\n","protected":false},"author":1,"featured_media":0,"parent":0,"menu_order":0,"comment_status":"closed","ping_status":"closed","template":"","meta":{"footnotes":""},"class_list":["post-3","page","type-page","status-publish","hentry"],"_links":{"self":[{"href":"https:\/\/dentiste-cestas.com\/index.php\/wp-json\/wp\/v2\/pages\/3","targetHints":{"allow":["GET"]}}],"collection":[{"href":"https:\/\/dentiste-cestas.com\/index.php\/wp-json\/wp\/v2\/pages"}],"about":[{"href":"https:\/\/dentiste-cestas.com\/index.php\/wp-json\/wp\/v2\/types\/page"}],"author":[{"embeddable":true,"href":"https:\/\/dentiste-cestas.com\/index.php\/wp-json\/wp\/v2\/users\/1"}],"replies":[{"embeddable":true,"href":"https:\/\/dentiste-cestas.com\/index.php\/wp-json\/wp\/v2\/comments?post=3"}],"version-history":[{"count":7,"href":"https:\/\/dentiste-cestas.com\/index.php\/wp-json\/wp\/v2\/pages\/3\/revisions"}],"predecessor-version":[{"id":303,"href":"https:\/\/dentiste-cestas.com\/index.php\/wp-json\/wp\/v2\/pages\/3\/revisions\/303"}],"wp:attachment":[{"href":"https:\/\/dentiste-cestas.com\/index.php\/wp-json\/wp\/v2\/media?parent=3"}],"curies":[{"name":"wp","href":"https:\/\/api.w.org\/{rel}","templated":true}]}}